{"id":423,"date":"2023-09-15T18:05:57","date_gmt":"2023-09-15T16:05:57","guid":{"rendered":"https:\/\/impresiondigital.webfusion.cl\/?page_id=423"},"modified":"2023-09-26T02:14:47","modified_gmt":"2023-09-26T00:14:47","slug":"preguntas-frecuentes","status":"publish","type":"page","link":"https:\/\/impresiondigital.webfusion.cl\/index.php\/preguntas-frecuentes\/","title":{"rendered":"Preguntas Frecuentes"},"content":{"rendered":"<p>[et_pb_section fb_built=\u00bb1&#8243; custom_padding_last_edited=\u00bboff|desktop\u00bb admin_label=\u00bbHeader\u00bb _builder_version=\u00bb4.22.1&#8243; background_enable_color=\u00bboff\u00bb use_background_color_gradient=\u00bbon\u00bb background_color_gradient_stops=\u00bbrgba(0,0,0,0.3) 0%|rgba(0,0,0,0.3) 100%\u00bb background_color_gradient_overlays_image=\u00bbon\u00bb background_color_gradient_start=\u00bbrgba(0,0,0,0.3)\u00bb background_color_gradient_end=\u00bbrgba(0,0,0,0.3)\u00bb background_image=\u00bbhttps:\/\/impresiondigital.webfusion.cl\/wp-content\/uploads\/2023\/09\/imagen3.png\u00bb custom_margin=\u00bb50px|50px||50px|false|true\u00bb custom_margin_tablet=\u00bb20px|20px||20px|false|true\u00bb custom_margin_phone=\u00bb\u00bb custom_margin_last_edited=\u00bbon|tablet\u00bb custom_padding_tablet=\u00bb50px||50px||true|false\u00bb locked=\u00bboff\u00bb global_colors_info=\u00bb{}\u00bb][et_pb_row _builder_version=\u00bb4.22.1&#8243; global_colors_info=\u00bb{}\u00bb][et_pb_column type=\u00bb4_4&#8243; _builder_version=\u00bb4.16&#8243; global_colors_info=\u00bb{}\u00bb][et_pb_text _builder_version=\u00bb4.22.1&#8243; header_font=\u00bbSpectral||||||||\u00bb header_font_size=\u00bb60px\u00bb background_layout=\u00bbdark\u00bb max_width=\u00bb800px\u00bb header_font_size_tablet=\u00bb50px\u00bb header_font_size_phone=\u00bb35px\u00bb header_font_size_last_edited=\u00bbon|phone\u00bb locked=\u00bboff\u00bb global_colors_info=\u00bb{}\u00bb]<\/p>\n<h1>Preguntas Frecuentes<\/h1>\n<p>[\/et_pb_text][\/et_pb_column][\/et_pb_row][\/et_pb_section][et_pb_section fb_built=\u00bb1&#8243; _builder_version=\u00bb4.22.1&#8243; _module_preset=\u00bbdefault\u00bb global_colors_info=\u00bb{}\u00bb][et_pb_row _builder_version=\u00bb4.22.1&#8243; _module_preset=\u00bbdefault\u00bb global_colors_info=\u00bb{}\u00bb][et_pb_column type=\u00bb4_4&#8243; _builder_version=\u00bb4.22.1&#8243; _module_preset=\u00bbdefault\u00bb global_colors_info=\u00bb{}\u00bb][et_pb_accordion _builder_version=\u00bb4.22.1&#8243; _module_preset=\u00bbdefault\u00bb hover_enabled=\u00bb0&#8243; global_colors_info=\u00bb{}\u00bb sticky_enabled=\u00bb0&#8243;][et_pb_accordion_item title=\u00bb\u00bfQu\u00e9 hace que su plataforma de edici\u00f3n de productos sea \u00fanica?\u00bb _builder_version=\u00bb4.22.1&#8243; _module_preset=\u00bbdefault\u00bb global_colors_info=\u00bb{}\u00bb open=\u00bbon\u00bb]<\/p>\n<p>Nuestra plataforma se distingue por varias caracter\u00edsticas clave:<\/p>\n<ul>\n<li>\n<p><strong>Inteligencia Artificial<\/strong>: Utilizamos algoritmos de IA para procesar dise\u00f1os, cliparts y cualquier pieza gr\u00e1fica. Esto no solo agiliza el proceso creativo, sino que tambi\u00e9n genera metadatos de b\u00fasqueda y clasificaci\u00f3n, facilitando a los usuarios encontrar exactamente lo que necesitan.<\/p>\n<\/li>\n<li>\n<p><strong>Facilidad de Uso<\/strong>: Dise\u00f1ada con una interfaz de usuario intuitiva, nuestra plataforma permite a cualquier persona, desde principiantes hasta profesionales, crear dise\u00f1os impresionantes con facilidad.<\/p>\n<\/li>\n<li>\n<p><strong>Recursos de Dise\u00f1o<\/strong>: Ofrecemos una extensa biblioteca de recursos de dise\u00f1o, incluyendo plantillas, im\u00e1genes y tipograf\u00edas, que se pueden utilizar para personalizar a\u00fan m\u00e1s tus productos.<\/p>\n<\/li>\n<li>\n<p><strong>Integraci\u00f3n Vers\u00e1til<\/strong>: Nuestra plataforma es compatible con cualquier tecnolog\u00eda de impresi\u00f3n, lo que te permite mantener tu flujo de trabajo existente sin interrupciones.<\/p>\n<\/li>\n<\/ul>\n<p>[\/et_pb_accordion_item][et_pb_accordion_item title=\u00bb\u00bfQu\u00e9 servicios ofrecen?\u00bb open=\u00bboff\u00bb _builder_version=\u00bb4.22.1&#8243; _module_preset=\u00bbdefault\u00bb global_colors_info=\u00bb{}\u00bb]<\/p>\n<p><span>Ofrecemos una plataforma de impresi\u00f3n digital y personalizaci\u00f3n, integrada con una tienda en l\u00ednea, opciones de pago y despacho para sus clientes.<\/span><\/p>\n<p>[\/et_pb_accordion_item][et_pb_accordion_item title=\u00bb\u00bfC\u00f3mo facilita su plataforma el proceso de impresi\u00f3n para mi negocio?\u00bb _builder_version=\u00bb4.22.1&#8243; _module_preset=\u00bbdefault\u00bb global_colors_info=\u00bb{}\u00bb open=\u00bboff\u00bb]<\/p>\n<p><span>Nuestra plataforma va m\u00e1s all\u00e1 de simplemente permitir la edici\u00f3n y personalizaci\u00f3n de productos. Tambi\u00e9n automatizamos el proceso de preparaci\u00f3n de archivos para la impresi\u00f3n. Una vez que un dise\u00f1o se completa y se aprueba, nuestro sistema genera autom\u00e1ticamente el archivo de impresi\u00f3n configurado espec\u00edficamente para la tecnolog\u00eda de impresi\u00f3n que utilice su negocio. Esto elimina la necesidad de ajustes manuales y asegura que los archivos est\u00e9n listos para imprimir inmediatamente, ahorr\u00e1ndole tiempo y esfuerzo.<\/span><\/p>\n<p>[\/et_pb_accordion_item][et_pb_accordion_item title=\u00bb\u00bfEs necesario tener conocimientos t\u00e9cnicos para utilizar su plataforma?\u00bb _builder_version=\u00bb4.22.1&#8243; _module_preset=\u00bbdefault\u00bb global_colors_info=\u00bb{}\u00bb open=\u00bboff\u00bb]<\/p>\n<p><span>No, nuestra plataforma es f\u00e1cil de usar y no requiere conocimientos t\u00e9cnicos avanzados. Adem\u00e1s, ofrecemos capacitaci\u00f3n y soporte para ayudarte en cada paso.<\/span><\/p>\n<p>[\/et_pb_accordion_item][et_pb_accordion_item title=\u00bb\u00bfLos clientes pueden personalizar un art\u00edculo, como una polera, y ver el dise\u00f1o en tiempo real? \u00bfC\u00f3mo recibimos el archivo de dise\u00f1o?\u00bb _builder_version=\u00bb4.22.1&#8243; _module_preset=\u00bbdefault\u00bb hover_enabled=\u00bb0&#8243; sticky_enabled=\u00bb0&#8243;]<\/p>\n<p><span>S\u00ed, nuestra plataforma permite que los clientes visualicen sus dise\u00f1os en tiempo real directamente sobre el producto que est\u00e1n personalizando, como una polera. Esto les da una idea precisa de c\u00f3mo se ver\u00e1 el producto final. En cuanto a la entrega del dise\u00f1o, el sistema genera autom\u00e1ticamente un archivo PNG (u otro formato de su elecci\u00f3n) que est\u00e1 configurado para ser completamente compatible con la tecnolog\u00eda de impresi\u00f3n que utilice. Este archivo se env\u00eda directamente a su panel de control, listo para la producci\u00f3n.<\/span><\/p>\n<p>[\/et_pb_accordion_item][et_pb_accordion_item title=\u00bb\u00bfLas im\u00e1genes para la personalizaci\u00f3n son proporcionadas solo por la plataforma o los clientes pueden cargar sus propias im\u00e1genes? \u00bfHay alguna alerta si la calidad de la imagen es baja?\u00bb _builder_version=\u00bb4.22.1&#8243; _module_preset=\u00bbdefault\u00bb hover_enabled=\u00bb0&#8243; sticky_enabled=\u00bb0&#8243;]<\/p>\n<p><span>Nuestra plataforma es muy flexible en cuanto a las opciones de dise\u00f1o. Ofrecemos una amplia variedad de im\u00e1genes, cliparts y plantillas predefinidas para que los clientes puedan usar en sus dise\u00f1os. Sin embargo, tambi\u00e9n permitimos que los usuarios suban sus propias im\u00e1genes para una personalizaci\u00f3n m\u00e1s \u00fanica. En el caso de que un cliente suba una imagen de baja calidad, nuestro sistema est\u00e1 configurado para emitir una alerta, o inclusive rechazarla si as\u00ed se configura, asegurando as\u00ed que el producto final cumpla con los est\u00e1ndares de alta calidad que usted y sus clientes esperan.<\/span><\/p>\n<p>[\/et_pb_accordion_item][et_pb_accordion_item title=\u00bb\u00bfEst\u00e1 su plataforma limitada por ciertas tecnolog\u00edas, sistemas operativos o dispositivos?\u00bb _builder_version=\u00bb4.22.1&#8243; _module_preset=\u00bbdefault\u00bb global_colors_info=\u00bb{}\u00bb open=\u00bboff\u00bb]<\/p>\n<p><span>No, una de las grandes ventajas de nuestra plataforma de edici\u00f3n de productos es su versatilidad y compatibilidad. Ha sido dise\u00f1ada para ser independiente de las tecnolog\u00edas actuales y futuras. Funciona de manera fluida con cualquier sistema operativo y es completamente compatible con una amplia variedad de dispositivos, desde computadoras de escritorio hasta smartphones y tablets. Esto asegura que tanto usted como sus clientes puedan acceder y utilizar la plataforma sin preocupaciones de compatibilidad.<\/span><\/p>\n<p>[\/et_pb_accordion_item][et_pb_accordion_item title=\u00bb\u00bfCu\u00e1l es el costo de la plataforma?\u00bb _builder_version=\u00bb4.22.1&#8243; _module_preset=\u00bbdefault\u00bb global_colors_info=\u00bb{}\u00bb open=\u00bboff\u00bb]<\/p>\n<p>El costo de nuestra plataforma de edici\u00f3n de productos se estructura en dos componentes principales. Primero, ofrecemos la plataforma misma, cuyo precio se cotiza en funci\u00f3n del tama\u00f1o y especificidades de cada implementaci\u00f3n. Una vez adquirida, la plataforma es de su propiedad para siempre, sin incurrir en costos variables adicionales.<\/p>\n<p>Segundo, ofrecemos servicios de hosting para asegurar el \u00f3ptimo funcionamiento de la plataforma. Este hosting tiene un costo anual asociado y representa el \u00fanico gasto recurrente.<\/p>\n<p>Adicionalmente, ofrecemos un plan de soporte y mantenimiento opcional, que usted puede contratar si lo considera necesario para su negocio. Este servicio es aparte y se cotiza seg\u00fan sus necesidades espec\u00edficas.<\/p>\n<p>[\/et_pb_accordion_item][et_pb_accordion_item title=\u00bb\u00bfQu\u00e9 m\u00e9todos de pago aceptan?\u00bb _builder_version=\u00bb4.22.1&#8243; _module_preset=\u00bbdefault\u00bb global_colors_info=\u00bb{}\u00bb open=\u00bboff\u00bb]<\/p>\n<p><span>Aceptamos una variedad de m\u00e9todos de pago, incluidas tarjetas de cr\u00e9dito, transferencias bancarias y cheques.<\/span><\/p>\n<p>[\/et_pb_accordion_item][et_pb_accordion_item title=\u00bb\u00bfC\u00f3mo funciona la Inteligencia Artificial en su plataforma?\u00bb _builder_version=\u00bb4.22.1&#8243; _module_preset=\u00bbdefault\u00bb global_colors_info=\u00bb{}\u00bb open=\u00bboff\u00bb]<\/p>\n<p><span>Utilizamos IA para procesar y categorizar dise\u00f1os, cliparts y otras piezas gr\u00e1ficas, generando metadatos que mejoran la b\u00fasqueda y la clasificaci\u00f3n. Esto facilita el proceso de dise\u00f1o para tus clientes.<\/span><\/p>\n<p>[\/et_pb_accordion_item][et_pb_accordion_item title=\u00bb\u00bfEs seguro utilizar su tecnolog\u00eda de IA?\u00bb _builder_version=\u00bb4.22.1&#8243; _module_preset=\u00bbdefault\u00bb global_colors_info=\u00bb{}\u00bb open=\u00bboff\u00bb]<\/p>\n<p><span>S\u00ed, la IA se utiliza exclusivamente para el procesamiento de dise\u00f1os y la generaci\u00f3n de metadatos, y cumplimos con todas las leyes y regulaciones de privacidad y seguridad de datos.<\/span><\/p>\n<p>[\/et_pb_accordion_item][et_pb_accordion_item title=\u00bb\u00bfC\u00f3mo protegen mi informaci\u00f3n?\u00bb _builder_version=\u00bb4.22.1&#8243; _module_preset=\u00bbdefault\u00bb global_colors_info=\u00bb{}\u00bb open=\u00bboff\u00bb]<\/p>\n<p><span>Toda la informaci\u00f3n recopilada est\u00e1 segura y protegida bajo estrictas medidas de seguridad. Para m\u00e1s detalles, puedes consultar nuestra Pol\u00edtica de Privacidad.<\/span><\/p>\n<p>[\/et_pb_accordion_item][et_pb_accordion_item title=\u00bb\u00bfComparten mi informaci\u00f3n con terceros?\u00bb _builder_version=\u00bb4.22.1&#8243; _module_preset=\u00bbdefault\u00bb global_colors_info=\u00bb{}\u00bb open=\u00bboff\u00bb]<\/p>\n<p><span>No compartimos tu informaci\u00f3n con terceros para fines comerciales. Para m\u00e1s detalles, consulta nuestra Pol\u00edtica de Privacidad.<\/span><\/p>\n<p>[\/et_pb_accordion_item][et_pb_accordion_item title=\u00bb\u00bfCu\u00e1l es el tiempo de implementaci\u00f3n?\u00bb _builder_version=\u00bb4.22.1&#8243; _module_preset=\u00bbdefault\u00bb global_colors_info=\u00bb{}\u00bb open=\u00bboff\u00bb]<\/p>\n<p><span>El tiempo de implementaci\u00f3n puede variar seg\u00fan las especificidades y necesidades de cada cliente, pero generalmente podemos tener la plataforma en funcionamiento en unas pocas semanas.<\/span><\/p>\n<p>[\/et_pb_accordion_item][et_pb_accordion_item title=\u00bb\u00bfEs posible personalizar la plataforma seg\u00fan nuestras necesidades?\u00bb _builder_version=\u00bb4.22.1&#8243; _module_preset=\u00bbdefault\u00bb global_colors_info=\u00bb{}\u00bb open=\u00bboff\u00bb]<\/p>\n<p><span>S\u00ed, ofrecemos opciones de personalizaci\u00f3n para que la plataforma se adapte espec\u00edficamente a las necesidades de tu negocio.<\/span><\/p>\n<p>[\/et_pb_accordion_item][et_pb_accordion_item title=\u00bb\u00bfEsta plataforma me sirve para usarla desde mi local, y si tengo varios locales?\u00bb _builder_version=\u00bb4.22.1&#8243; _module_preset=\u00bbdefault\u00bb hover_enabled=\u00bb0&#8243; sticky_enabled=\u00bb0&#8243;]<\/p>\n<p><span>Absolutamente. Nuestra plataforma de edici\u00f3n de productos est\u00e1 dise\u00f1ada para ser lo m\u00e1s vers\u00e1til posible y se adapta perfectamente a las necesidades de un \u00fanico local o m\u00faltiples sedes. La administraci\u00f3n centralizada facilita el manejo de diferentes cat\u00e1logos, precios y \u00f3rdenes desde una sola interfaz, garantizando as\u00ed que siempre tenga el control total sin importar la ubicaci\u00f3n de su negocio. Adem\u00e1s, la plataforma se integra perfectamente con sistemas de inventario y gesti\u00f3n para una operaci\u00f3n sin problemas en todas sus ubicaciones.<\/span><\/p>\n<p>[\/et_pb_accordion_item][\/et_pb_accordion][\/et_pb_column][\/et_pb_row][\/et_pb_section]<\/p>\n","protected":false},"excerpt":{"rendered":"<p>Preguntas FrecuentesNuestra plataforma se distingue por varias caracter\u00edsticas clave: Inteligencia Artificial: Utilizamos algoritmos de IA para procesar dise\u00f1os, cliparts y cualquier pieza gr\u00e1fica. Esto no solo agiliza el proceso creativo, sino que tambi\u00e9n genera metadatos de b\u00fasqueda y clasificaci\u00f3n, facilitando a los usuarios encontrar exactamente lo que necesitan. Facilidad de Uso: Dise\u00f1ada con una interfaz [&hellip;]<\/p>\n","protected":false},"author":1,"featured_media":0,"parent":0,"menu_order":7,"comment_status":"closed","ping_status":"closed","template":"","meta":{"_et_pb_use_builder":"on","_et_pb_old_content":"","_et_gb_content_width":"","content-type":"","footnotes":""},"_links":{"self":[{"href":"https:\/\/impresiondigital.webfusion.cl\/index.php\/wp-json\/wp\/v2\/pages\/423"}],"collection":[{"href":"https:\/\/impresiondigital.webfusion.cl\/index.php\/wp-json\/wp\/v2\/pages"}],"about":[{"href":"https:\/\/impresiondigital.webfusion.cl\/index.php\/wp-json\/wp\/v2\/types\/page"}],"author":[{"embeddable":true,"href":"https:\/\/impresiondigital.webfusion.cl\/index.php\/wp-json\/wp\/v2\/users\/1"}],"replies":[{"embeddable":true,"href":"https:\/\/impresiondigital.webfusion.cl\/index.php\/wp-json\/wp\/v2\/comments?post=423"}],"version-history":[{"count":4,"href":"https:\/\/impresiondigital.webfusion.cl\/index.php\/wp-json\/wp\/v2\/pages\/423\/revisions"}],"predecessor-version":[{"id":509,"href":"https:\/\/impresiondigital.webfusion.cl\/index.php\/wp-json\/wp\/v2\/pages\/423\/revisions\/509"}],"wp:attachment":[{"href":"https:\/\/impresiondigital.webfusion.cl\/index.php\/wp-json\/wp\/v2\/media?parent=423"}],"curies":[{"name":"wp","href":"https:\/\/api.w.org\/{rel}","templated":true}]}}